{"id":77,"date":"2022-09-19T11:32:30","date_gmt":"2022-09-19T11:32:30","guid":{"rendered":"https:\/\/tagx.tagsystems.li\/?page_id=77"},"modified":"2025-01-31T08:59:48","modified_gmt":"2025-01-31T14:59:48","slug":"contactenos","status":"publish","type":"page","link":"https:\/\/tagx.tagsystems.li\/es-cr\/contactenos\/","title":{"rendered":"Cont\u00e1ctenos"},"content":{"rendered":"\t\t<div data-elementor-type=\"wp-page\" data-elementor-id=\"77\" class=\"elementor elementor-77\" data-elementor-settings=\"{&quot;ha_cmc_init_switcher&quot;:&quot;no&quot;}\" data-elementor-post-type=\"page\">\n\t\t\t\t\t\t<section class=\"elementor-section elementor-top-section elementor-element elementor-element-347b762 elementor-section-content-bottom elementor-section-height-min-height elementor-section-full_width elementor-section-height-default elementor-section-items-middle\" data-id=\"347b762\" data-element_type=\"section\" data-settings=\"{&quot;background_background&quot;:&quot;classic&quot;}\">\n\t\t\t\t\t\t<div class=\"elementor-container elementor-column-gap-no\">\n\t\t\t\t\t<div class=\"elementor-column elementor-col-100 elementor-top-column elementor-element elementor-element-e7960f9\" data-id=\"e7960f9\" data-element_type=\"column\">\n\t\t\t<div class=\"elementor-widget-wrap elementor-element-populated\">\n\t\t\t\t\t\t<div class=\"elementor-element elementor-element-5cf1791 elementor-widget elementor-widget-image\" data-id=\"5cf1791\" data-element_type=\"widget\" data-widget_type=\"image.default\">\n\t\t\t\t<div class=\"elementor-widget-container\">\n\t\t\t\t\t\t\t\t\t\t\t\t\t\t\t<img fetchpriority=\"high\" decoding=\"async\" width=\"1822\" height=\"757\" src=\"https:\/\/tagx.tagsystems.li\/es-cr\/wp-content\/uploads\/sites\/5\/2024\/08\/tagx-management-team.png\" class=\"attachment-full size-full wp-image-6649\" alt=\"\" srcset=\"https:\/\/tagx.tagsystems.li\/es-cr\/wp-content\/uploads\/sites\/5\/2024\/08\/tagx-management-team.png 1822w, https:\/\/tagx.tagsystems.li\/es-cr\/wp-content\/uploads\/sites\/5\/2024\/08\/tagx-management-team-300x125.png 300w, https:\/\/tagx.tagsystems.li\/es-cr\/wp-content\/uploads\/sites\/5\/2024\/08\/tagx-management-team-1024x425.png 1024w, https:\/\/tagx.tagsystems.li\/es-cr\/wp-content\/uploads\/sites\/5\/2024\/08\/tagx-management-team-768x319.png 768w, https:\/\/tagx.tagsystems.li\/es-cr\/wp-content\/uploads\/sites\/5\/2024\/08\/tagx-management-team-1536x638.png 1536w\" sizes=\"(max-width: 1822px) 100vw, 1822px\" \/>\t\t\t\t\t\t\t\t\t\t\t\t\t\t\t<\/div>\n\t\t\t\t<\/div>\n\t\t\t\t\t<\/div>\n\t\t<\/div>\n\t\t\t\t\t<\/div>\n\t\t<\/section>\n\t\t\t\t<section class=\"elementor-section elementor-top-section elementor-element elementor-element-17502a5 elementor-section-boxed elementor-section-height-default elementor-section-height-default\" data-id=\"17502a5\" data-element_type=\"section\">\n\t\t\t\t\t\t<div class=\"elementor-container elementor-column-gap-default\">\n\t\t\t\t\t<div class=\"elementor-column elementor-col-100 elementor-top-column elementor-element elementor-element-46683c9\" data-id=\"46683c9\" data-element_type=\"column\">\n\t\t\t<div class=\"elementor-widget-wrap elementor-element-populated\">\n\t\t\t\t\t\t<div class=\"elementor-element elementor-element-d912c34 elementor-widget elementor-widget-heading\" data-id=\"d912c34\" data-element_type=\"widget\" data-widget_type=\"heading.default\">\n\t\t\t\t<div class=\"elementor-widget-container\">\n\t\t\t\t\t<h1 class=\"elementor-heading-title elementor-size-default\">Cont\u00e1ctenos<\/h1>\t\t\t\t<\/div>\n\t\t\t\t<\/div>\n\t\t\t\t\t<\/div>\n\t\t<\/div>\n\t\t\t\t\t<\/div>\n\t\t<\/section>\n\t\t\t\t<section class=\"elementor-section elementor-top-section elementor-element elementor-element-39e034a1 section-container elementor-section-boxed elementor-section-height-default elementor-section-height-default\" data-id=\"39e034a1\" data-element_type=\"section\">\n\t\t\t\t\t\t<div class=\"elementor-container elementor-column-gap-default\">\n\t\t\t\t\t<div class=\"elementor-column elementor-col-50 elementor-top-column elementor-element elementor-element-3090f841\" data-id=\"3090f841\" data-element_type=\"column\">\n\t\t\t<div class=\"elementor-widget-wrap elementor-element-populated\">\n\t\t\t\t\t\t<section class=\"elementor-section elementor-inner-section elementor-element elementor-element-938d123 elementor-section-boxed elementor-section-height-default elementor-section-height-default\" data-id=\"938d123\" data-element_type=\"section\">\n\t\t\t\t\t\t<div class=\"elementor-container elementor-column-gap-no\">\n\t\t\t\t\t<div class=\"elementor-column elementor-col-50 elementor-inner-column elementor-element elementor-element-409ee4b2\" data-id=\"409ee4b2\" data-element_type=\"column\">\n\t\t\t<div class=\"elementor-widget-wrap elementor-element-populated\">\n\t\t\t\t\t\t<div class=\"elementor-element elementor-element-77d71fb6 elementor-widget elementor-widget-image\" data-id=\"77d71fb6\" data-element_type=\"widget\" data-widget_type=\"image.default\">\n\t\t\t\t<div class=\"elementor-widget-container\">\n\t\t\t\t\t\t\t\t\t\t\t\t\t\t\t<img decoding=\"async\" width=\"120\" height=\"240\" src=\"https:\/\/tagx.tagsystems.li\/es-cr\/wp-content\/uploads\/sites\/5\/2023\/01\/country_liechtenstein_blue.svg\" class=\"attachment-full size-full wp-image-5473\" alt=\"\" \/>\t\t\t\t\t\t\t\t\t\t\t\t\t\t\t<\/div>\n\t\t\t\t<\/div>\n\t\t\t\t\t<\/div>\n\t\t<\/div>\n\t\t\t\t<div class=\"elementor-column elementor-col-50 elementor-inner-column elementor-element elementor-element-7d8d768\" data-id=\"7d8d768\" data-element_type=\"column\">\n\t\t\t<div class=\"elementor-widget-wrap elementor-element-populated\">\n\t\t\t\t\t\t<div class=\"elementor-element elementor-element-74beb48d elementor-widget elementor-widget-heading\" data-id=\"74beb48d\" data-element_type=\"widget\" data-widget_type=\"heading.default\">\n\t\t\t\t<div class=\"elementor-widget-container\">\n\t\t\t\t\t<h2 class=\"elementor-heading-title elementor-size-default\">Europa (HQ)<\/h2>\t\t\t\t<\/div>\n\t\t\t\t<\/div>\n\t\t\t\t<div class=\"elementor-element elementor-element-37da1bf4 elementor-widget elementor-widget-text-editor\" data-id=\"37da1bf4\" data-element_type=\"widget\" data-widget_type=\"text-editor.default\">\n\t\t\t\t<div class=\"elementor-widget-container\">\n\t\t\t\t\t\t\t\t\t<p>Pflugstrasse 20<br \/>9490 Vaduz<br \/>Liechtenstein<\/p>\t\t\t\t\t\t\t\t<\/div>\n\t\t\t\t<\/div>\n\t\t\t\t<div class=\"elementor-element elementor-element-496770a elementor-widget elementor-widget-text-editor\" data-id=\"496770a\" data-element_type=\"widget\" data-widget_type=\"text-editor.default\">\n\t\t\t\t<div class=\"elementor-widget-container\">\n\t\t\t\t\t\t\t\t\t<p>+423 376 50 80<br \/>li@tagsystems.com<\/p>\t\t\t\t\t\t\t\t<\/div>\n\t\t\t\t<\/div>\n\t\t\t\t\t<\/div>\n\t\t<\/div>\n\t\t\t\t\t<\/div>\n\t\t<\/section>\n\t\t\t\t\t<\/div>\n\t\t<\/div>\n\t\t\t\t<div class=\"elementor-column elementor-col-50 elementor-top-column elementor-element elementor-element-e801148\" data-id=\"e801148\" data-element_type=\"column\">\n\t\t\t<div class=\"elementor-widget-wrap elementor-element-populated\">\n\t\t\t\t\t\t<section class=\"elementor-section elementor-inner-section elementor-element elementor-element-119b499e elementor-section-boxed elementor-section-height-default elementor-section-height-default\" data-id=\"119b499e\" data-element_type=\"section\">\n\t\t\t\t\t\t<div class=\"elementor-container elementor-column-gap-no\">\n\t\t\t\t\t<div class=\"elementor-column elementor-col-50 elementor-inner-column elementor-element elementor-element-3a0a3e05\" data-id=\"3a0a3e05\" data-element_type=\"column\">\n\t\t\t<div class=\"elementor-widget-wrap elementor-element-populated\">\n\t\t\t\t\t\t<div class=\"elementor-element elementor-element-3d3e2dd6 elementor-widget elementor-widget-image\" data-id=\"3d3e2dd6\" data-element_type=\"widget\" data-widget_type=\"image.default\">\n\t\t\t\t<div class=\"elementor-widget-container\">\n\t\t\t\t\t\t\t\t\t\t\t\t\t\t\t<img decoding=\"async\" width=\"250\" height=\"240\" src=\"https:\/\/tagx.tagsystems.li\/es-cr\/wp-content\/uploads\/sites\/5\/2023\/01\/country_costarica_blue-with-border_1.svg\" class=\"attachment-full size-full wp-image-5474\" alt=\"\" \/>\t\t\t\t\t\t\t\t\t\t\t\t\t\t\t<\/div>\n\t\t\t\t<\/div>\n\t\t\t\t\t<\/div>\n\t\t<\/div>\n\t\t\t\t<div class=\"elementor-column elementor-col-50 elementor-inner-column elementor-element elementor-element-20529b64\" data-id=\"20529b64\" data-element_type=\"column\">\n\t\t\t<div class=\"elementor-widget-wrap elementor-element-populated\">\n\t\t\t\t\t\t<div class=\"elementor-element elementor-element-56251bf8 elementor-widget elementor-widget-heading\" data-id=\"56251bf8\" data-element_type=\"widget\" data-widget_type=\"heading.default\">\n\t\t\t\t<div class=\"elementor-widget-container\">\n\t\t\t\t\t<h2 class=\"elementor-heading-title elementor-size-default\">Am\u00e9rica<\/h2>\t\t\t\t<\/div>\n\t\t\t\t<\/div>\n\t\t\t\t<div class=\"elementor-element elementor-element-594b69cf elementor-widget elementor-widget-text-editor\" data-id=\"594b69cf\" data-element_type=\"widget\" data-widget_type=\"text-editor.default\">\n\t\t\t\t<div class=\"elementor-widget-container\">\n\t\t\t\t\t\t\t\t\t<p>Sabana Business Center<br \/>7th floor<br \/>San Jos\u00e9, Costa Rica<\/p>\t\t\t\t\t\t\t\t<\/div>\n\t\t\t\t<\/div>\n\t\t\t\t<div class=\"elementor-element elementor-element-7c7143ca elementor-widget elementor-widget-text-editor\" data-id=\"7c7143ca\" data-element_type=\"widget\" data-widget_type=\"text-editor.default\">\n\t\t\t\t<div class=\"elementor-widget-container\">\n\t\t\t\t\t\t\t\t\t<p>+506 4600 8240<br \/>cr@tagsystems.com<\/p><p><strong>USA TOLL FREE: <\/strong><br \/>+1 877 570 8240<\/p>\t\t\t\t\t\t\t\t<\/div>\n\t\t\t\t<\/div>\n\t\t\t\t\t<\/div>\n\t\t<\/div>\n\t\t\t\t\t<\/div>\n\t\t<\/section>\n\t\t\t\t\t<\/div>\n\t\t<\/div>\n\t\t\t\t\t<\/div>\n\t\t<\/section>\n\t\t\t\t<\/div>\n\t\t","protected":false},"excerpt":{"rendered":"<p>Cont\u00e1ctenos Europa (HQ) Pflugstrasse 209490 VaduzLiechtenstein +423 376 50 80li@tagsystems.com Am\u00e9rica Sabana Business Center7th floorSan Jos\u00e9, Costa Rica +506 4600 8240cr@tagsystems.com USA TOLL FREE: +1 877 570 8240<\/p>\n","protected":false},"author":2,"featured_media":0,"parent":0,"menu_order":0,"comment_status":"closed","ping_status":"closed","template":"","meta":{"inline_featured_image":false,"footnotes":""},"class_list":["post-77","page","type-page","status-publish","hentry"],"yoast_head":"<!-- This site is optimized with the Yoast SEO Premium plugin v23.4 (Yoast SEO v24.6) - https:\/\/yoast.com\/wordpress\/plugins\/seo\/ -->\n<title>Cont\u00e1ctenos - TAGx<\/title>\n<meta name=\"robots\" content=\"noindex, follow, max-snippet:-1, max-image-preview:large, max-video-preview:-1\" \/>\n<meta property=\"og:locale\" content=\"es_ES\" \/>\n<meta property=\"og:type\" content=\"article\" \/>\n<meta property=\"og:title\" content=\"Cont\u00e1ctenos\" \/>\n<meta property=\"og:description\" content=\"Cont\u00e1ctenos Europa (HQ) Pflugstrasse 209490 VaduzLiechtenstein +423 376 50 80li@tagsystems.com Am\u00e9rica Sabana Business Center7th floorSan Jos\u00e9, Costa Rica +506 4600 8240cr@tagsystems.com USA TOLL FREE: +1 877 570 8240\" \/>\n<meta property=\"og:url\" content=\"https:\/\/tagx.tagsystems.li\/es-cr\/contactenos\/\" \/>\n<meta property=\"og:site_name\" content=\"TAGx\" \/>\n<meta property=\"article:modified_time\" content=\"2025-01-31T14:59:48+00:00\" \/>\n<meta property=\"og:image\" content=\"https:\/\/tagx.tagsystems.li\/es-cr\/wp-content\/uploads\/sites\/5\/2024\/08\/tagx-management-team.png\" \/>\n\t<meta property=\"og:image:width\" content=\"1822\" \/>\n\t<meta property=\"og:image:height\" content=\"757\" \/>\n\t<meta property=\"og:image:type\" content=\"image\/png\" \/>\n<meta name=\"twitter:card\" content=\"summary_large_image\" \/>\n<meta name=\"twitter:label1\" content=\"Est. reading time\" \/>\n\t<meta name=\"twitter:data1\" content=\"1 minuto\" \/>\n<script type=\"application\/ld+json\" class=\"yoast-schema-graph\">{\"@context\":\"https:\/\/schema.org\",\"@graph\":[{\"@type\":\"WebPage\",\"@id\":\"https:\/\/tagx.tagsystems.li\/es-cr\/contactenos\/\",\"url\":\"https:\/\/tagx.tagsystems.li\/es-cr\/contactenos\/\",\"name\":\"Cont\u00e1ctenos - TAGx\",\"isPartOf\":{\"@id\":\"https:\/\/tagx.tagsystems.li\/es-cr\/#website\"},\"primaryImageOfPage\":{\"@id\":\"https:\/\/tagx.tagsystems.li\/es-cr\/contactenos\/#primaryimage\"},\"image\":{\"@id\":\"https:\/\/tagx.tagsystems.li\/es-cr\/contactenos\/#primaryimage\"},\"thumbnailUrl\":\"https:\/\/tagx.tagsystems.li\/es-cr\/wp-content\/uploads\/sites\/5\/2024\/08\/tagx-management-team.png\",\"datePublished\":\"2022-09-19T11:32:30+00:00\",\"dateModified\":\"2025-01-31T14:59:48+00:00\",\"breadcrumb\":{\"@id\":\"https:\/\/tagx.tagsystems.li\/es-cr\/contactenos\/#breadcrumb\"},\"inLanguage\":\"es-CR\",\"potentialAction\":[{\"@type\":\"ReadAction\",\"target\":[\"https:\/\/tagx.tagsystems.li\/es-cr\/contactenos\/\"]}]},{\"@type\":\"ImageObject\",\"inLanguage\":\"es-CR\",\"@id\":\"https:\/\/tagx.tagsystems.li\/es-cr\/contactenos\/#primaryimage\",\"url\":\"https:\/\/tagx.tagsystems.li\/es-cr\/wp-content\/uploads\/sites\/5\/2024\/08\/tagx-management-team.png\",\"contentUrl\":\"https:\/\/tagx.tagsystems.li\/es-cr\/wp-content\/uploads\/sites\/5\/2024\/08\/tagx-management-team.png\",\"width\":1822,\"height\":757},{\"@type\":\"BreadcrumbList\",\"@id\":\"https:\/\/tagx.tagsystems.li\/es-cr\/contactenos\/#breadcrumb\",\"itemListElement\":[{\"@type\":\"ListItem\",\"position\":1,\"name\":\"Home\",\"item\":\"https:\/\/tagx.tagsystems.li\/es-cr\/\"},{\"@type\":\"ListItem\",\"position\":2,\"name\":\"Cont\u00e1ctenos\"}]},{\"@type\":\"WebSite\",\"@id\":\"https:\/\/tagx.tagsystems.li\/es-cr\/#website\",\"url\":\"https:\/\/tagx.tagsystems.li\/es-cr\/\",\"name\":\"TAGx\",\"description\":\"Orquestaci\u00f3n de Pagos\",\"publisher\":{\"@id\":\"https:\/\/tagx.tagsystems.li\/es-cr\/#organization\"},\"potentialAction\":[{\"@type\":\"SearchAction\",\"target\":{\"@type\":\"EntryPoint\",\"urlTemplate\":\"https:\/\/tagx.tagsystems.li\/es-cr\/?s={search_term_string}\"},\"query-input\":{\"@type\":\"PropertyValueSpecification\",\"valueRequired\":true,\"valueName\":\"search_term_string\"}}],\"inLanguage\":\"es-CR\"},{\"@type\":\"Organization\",\"@id\":\"https:\/\/tagx.tagsystems.li\/es-cr\/#organization\",\"name\":\"TAGx\",\"url\":\"https:\/\/tagx.tagsystems.li\/es-cr\/\",\"logo\":{\"@type\":\"ImageObject\",\"inLanguage\":\"es-CR\",\"@id\":\"https:\/\/tagx.tagsystems.li\/es-cr\/#\/schema\/logo\/image\/\",\"url\":\"https:\/\/tagx.tagsystems.li\/es-cr\/wp-content\/uploads\/sites\/5\/2022\/09\/logo_cyan_red.svg\",\"contentUrl\":\"https:\/\/tagx.tagsystems.li\/es-cr\/wp-content\/uploads\/sites\/5\/2022\/09\/logo_cyan_red.svg\",\"width\":230,\"height\":79,\"caption\":\"TAGx\"},\"image\":{\"@id\":\"https:\/\/tagx.tagsystems.li\/es-cr\/#\/schema\/logo\/image\/\"}}]}<\/script>\n<!-- \/ Yoast SEO Premium plugin. -->","yoast_head_json":{"title":"Cont\u00e1ctenos - TAGx","robots":{"index":"noindex","follow":"follow","max-snippet":"max-snippet:-1","max-image-preview":"max-image-preview:large","max-video-preview":"max-video-preview:-1"},"og_locale":"es_ES","og_type":"article","og_title":"Cont\u00e1ctenos","og_description":"Cont\u00e1ctenos Europa (HQ) Pflugstrasse 209490 VaduzLiechtenstein +423 376 50 80li@tagsystems.com Am\u00e9rica Sabana Business Center7th floorSan Jos\u00e9, Costa Rica +506 4600 8240cr@tagsystems.com USA TOLL FREE: +1 877 570 8240","og_url":"https:\/\/tagx.tagsystems.li\/es-cr\/contactenos\/","og_site_name":"TAGx","article_modified_time":"2025-01-31T14:59:48+00:00","og_image":[{"width":1822,"height":757,"url":"https:\/\/tagx.tagsystems.li\/es-cr\/wp-content\/uploads\/sites\/5\/2024\/08\/tagx-management-team.png","type":"image\/png"}],"twitter_card":"summary_large_image","twitter_misc":{"Est. reading time":"1 minuto"},"schema":{"@context":"https:\/\/schema.org","@graph":[{"@type":"WebPage","@id":"https:\/\/tagx.tagsystems.li\/es-cr\/contactenos\/","url":"https:\/\/tagx.tagsystems.li\/es-cr\/contactenos\/","name":"Cont\u00e1ctenos - TAGx","isPartOf":{"@id":"https:\/\/tagx.tagsystems.li\/es-cr\/#website"},"primaryImageOfPage":{"@id":"https:\/\/tagx.tagsystems.li\/es-cr\/contactenos\/#primaryimage"},"image":{"@id":"https:\/\/tagx.tagsystems.li\/es-cr\/contactenos\/#primaryimage"},"thumbnailUrl":"https:\/\/tagx.tagsystems.li\/es-cr\/wp-content\/uploads\/sites\/5\/2024\/08\/tagx-management-team.png","datePublished":"2022-09-19T11:32:30+00:00","dateModified":"2025-01-31T14:59:48+00:00","breadcrumb":{"@id":"https:\/\/tagx.tagsystems.li\/es-cr\/contactenos\/#breadcrumb"},"inLanguage":"es-CR","potentialAction":[{"@type":"ReadAction","target":["https:\/\/tagx.tagsystems.li\/es-cr\/contactenos\/"]}]},{"@type":"ImageObject","inLanguage":"es-CR","@id":"https:\/\/tagx.tagsystems.li\/es-cr\/contactenos\/#primaryimage","url":"https:\/\/tagx.tagsystems.li\/es-cr\/wp-content\/uploads\/sites\/5\/2024\/08\/tagx-management-team.png","contentUrl":"https:\/\/tagx.tagsystems.li\/es-cr\/wp-content\/uploads\/sites\/5\/2024\/08\/tagx-management-team.png","width":1822,"height":757},{"@type":"BreadcrumbList","@id":"https:\/\/tagx.tagsystems.li\/es-cr\/contactenos\/#breadcrumb","itemListElement":[{"@type":"ListItem","position":1,"name":"Home","item":"https:\/\/tagx.tagsystems.li\/es-cr\/"},{"@type":"ListItem","position":2,"name":"Cont\u00e1ctenos"}]},{"@type":"WebSite","@id":"https:\/\/tagx.tagsystems.li\/es-cr\/#website","url":"https:\/\/tagx.tagsystems.li\/es-cr\/","name":"TAGx","description":"Orquestaci\u00f3n de Pagos","publisher":{"@id":"https:\/\/tagx.tagsystems.li\/es-cr\/#organization"},"potentialAction":[{"@type":"SearchAction","target":{"@type":"EntryPoint","urlTemplate":"https:\/\/tagx.tagsystems.li\/es-cr\/?s={search_term_string}"},"query-input":{"@type":"PropertyValueSpecification","valueRequired":true,"valueName":"search_term_string"}}],"inLanguage":"es-CR"},{"@type":"Organization","@id":"https:\/\/tagx.tagsystems.li\/es-cr\/#organization","name":"TAGx","url":"https:\/\/tagx.tagsystems.li\/es-cr\/","logo":{"@type":"ImageObject","inLanguage":"es-CR","@id":"https:\/\/tagx.tagsystems.li\/es-cr\/#\/schema\/logo\/image\/","url":"https:\/\/tagx.tagsystems.li\/es-cr\/wp-content\/uploads\/sites\/5\/2022\/09\/logo_cyan_red.svg","contentUrl":"https:\/\/tagx.tagsystems.li\/es-cr\/wp-content\/uploads\/sites\/5\/2022\/09\/logo_cyan_red.svg","width":230,"height":79,"caption":"TAGx"},"image":{"@id":"https:\/\/tagx.tagsystems.li\/es-cr\/#\/schema\/logo\/image\/"}}]}},"jetpack_sharing_enabled":true,"_links":{"self":[{"href":"https:\/\/tagx.tagsystems.li\/es-cr\/wp-json\/wp\/v2\/pages\/77","targetHints":{"allow":["GET"]}}],"collection":[{"href":"https:\/\/tagx.tagsystems.li\/es-cr\/wp-json\/wp\/v2\/pages"}],"about":[{"href":"https:\/\/tagx.tagsystems.li\/es-cr\/wp-json\/wp\/v2\/types\/page"}],"author":[{"embeddable":true,"href":"https:\/\/tagx.tagsystems.li\/es-cr\/wp-json\/wp\/v2\/users\/2"}],"replies":[{"embeddable":true,"href":"https:\/\/tagx.tagsystems.li\/es-cr\/wp-json\/wp\/v2\/comments?post=77"}],"version-history":[{"count":124,"href":"https:\/\/tagx.tagsystems.li\/es-cr\/wp-json\/wp\/v2\/pages\/77\/revisions"}],"predecessor-version":[{"id":6816,"href":"https:\/\/tagx.tagsystems.li\/es-cr\/wp-json\/wp\/v2\/pages\/77\/revisions\/6816"}],"wp:attachment":[{"href":"https:\/\/tagx.tagsystems.li\/es-cr\/wp-json\/wp\/v2\/media?parent=77"}],"curies":[{"name":"wp","href":"https:\/\/api.w.org\/{rel}","templated":true}]}}