{"id":3962,"date":"2022-10-17T13:53:31","date_gmt":"2022-10-17T13:53:31","guid":{"rendered":"https:\/\/tagx.tagsystems.li\/?page_id=3962"},"modified":"2024-09-23T06:27:24","modified_gmt":"2024-09-23T12:27:24","slug":"manejo-de-marca","status":"publish","type":"page","link":"https:\/\/tagx.tagsystems.li\/es-cr\/manejo-de-marca\/","title":{"rendered":"Manejo de Marca"},"content":{"rendered":"\t\t<div data-elementor-type=\"wp-page\" data-elementor-id=\"3962\" class=\"elementor elementor-3962\" data-elementor-settings=\"{&quot;ha_cmc_init_switcher&quot;:&quot;no&quot;}\" data-elementor-post-type=\"page\">\n\t\t\t\t\t\t<section class=\"elementor-section elementor-top-section elementor-element elementor-element-89280ae elementor-section-boxed elementor-section-height-default elementor-section-height-default\" data-id=\"89280ae\" data-element_type=\"section\">\n\t\t\t\t\t\t<div class=\"elementor-container elementor-column-gap-default\">\n\t\t\t\t\t<div class=\"elementor-column elementor-col-100 elementor-top-column elementor-element elementor-element-75d65f5\" data-id=\"75d65f5\" data-element_type=\"column\">\n\t\t\t<div class=\"elementor-widget-wrap elementor-element-populated\">\n\t\t\t\t\t\t<div class=\"elementor-element elementor-element-129748c elementor-widget elementor-widget-text-editor\" data-id=\"129748c\" data-element_type=\"widget\" data-widget_type=\"text-editor.default\">\n\t\t\t\t<div class=\"elementor-widget-container\">\n\t\t\t\t\t\t\t\t\t<p><\/p>\n<h3 class=\"wp-block-heading\">Responsable de contenido:<\/h3>\n<p><\/p>\n<p>TAG Systems AG<\/p>\n<p><\/p>\n<p>Los derechos de marca tambi\u00e9n se aplican a los siguientes perfiles de redes sociales: <a href=\"http:\/\/www.facebook.com\">www.facebook.com<\/a> \u00a0<a href=\"http:\/\/www.twitter.com\">www.twitter.com<\/a> \u00a0<a href=\"http:\/\/www.youtube.com\">www.youtube.com<\/a> \u00a0<a href=\"http:\/\/www.instagram.com\">www.instagram.com<\/a><\/p>\n<p><\/p>\n<div class=\"wp-block-spacer\" aria-hidden=\"true\">\u00a0<\/div>\n<p><\/p>\n<h3 class=\"wp-block-heading\">Publicaci\u00f3n y gesti\u00f3n de contenidos:<\/h3>\n<p><\/p>\n<p>TAG Systems AG<br \/>Pflugstrasse 20<br \/>9490 Vaduz<br \/>Liechtenstein<\/p>\n<p><\/p>\n<p>T: +423 376 50 80<br \/><a href=\"mailto:info@tagsystems.com\">info@tagsystems.com<\/a><\/p>\n<p><\/p>\n<p>N\u00famero de Registro Corporativo: FL-0002.472.924-9<br \/>Registro Comercial del Principado de Liechtenstein<br \/>Lugar de jurisdicci\u00f3n: Vaduz<\/p>\n<p><\/p>\n<div class=\"wp-block-spacer\" aria-hidden=\"true\">\u00a0<\/div>\n<p><\/p>\n<h3 class=\"wp-block-heading\">Responsabilidad por el contenido<\/h3>\n<p><\/p>\n<p>Los contenidos de estas p\u00e1ginas se crean con sumo cuidado. Sin embargo, debido a la correcci\u00f3n aplicada, no se puede asumir ninguna responsabilidad por la integridad y tem\u00e1tica de este contenido.<\/p>\n<p><\/p>\n<div class=\"wp-block-spacer\" aria-hidden=\"true\">\u00a0<\/div>\n<p><\/p>\n<h3 class=\"wp-block-heading\">Cr\u00e9ditos de las im\u00e1genes y Derechos de Autor<\/h3>\n<p><\/p>\n<p><em>TAG Systems AG, TAGx<\/em>\u00a0y todas las marcas comerciales, el logotipo de la empresa y sus productos, todos los elementos de dise\u00f1o, las im\u00e1genes y los textos del sitio web est\u00e1n protegidos por derechos de autor.<\/p>\n<p><\/p>\t\t\t\t\t\t\t\t<\/div>\n\t\t\t\t<\/div>\n\t\t\t\t\t<\/div>\n\t\t<\/div>\n\t\t\t\t\t<\/div>\n\t\t<\/section>\n\t\t\t\t<\/div>\n\t\t","protected":false},"excerpt":{"rendered":"<p>Responsable de contenido: TAG Systems AG Los derechos de marca tambi\u00e9n se aplican a los siguientes perfiles de redes sociales: www.facebook.com \u00a0www.twitter.com \u00a0www.youtube.com \u00a0www.instagram.com Publicaci\u00f3n y gesti\u00f3n de contenidos: TAG Systems AGPflugstrasse 209490 VaduzLiechtenstein T: +423 376 50 80info@tagsystems.com N\u00famero de Registro Corporativo: FL-0002.472.924-9Registro Comercial del Principado de LiechtensteinLugar de jurisdicci\u00f3n: Vaduz Responsabilidad por el [&hellip;]<\/p>\n","protected":false},"author":2,"featured_media":0,"parent":0,"menu_order":0,"comment_status":"closed","ping_status":"closed","template":"elementor_header_footer","meta":{"inline_featured_image":false,"footnotes":""},"class_list":["post-3962","page","type-page","status-publish","hentry"],"yoast_head":"<!-- This site is optimized with the Yoast SEO Premium plugin v23.4 (Yoast SEO v24.6) - https:\/\/yoast.com\/wordpress\/plugins\/seo\/ -->\n<title>Manejo de Marca - TAGx<\/title>\n<meta name=\"robots\" content=\"noindex, nofollow\" \/>\n<meta property=\"og:locale\" content=\"es_ES\" \/>\n<meta property=\"og:type\" content=\"article\" \/>\n<meta property=\"og:title\" content=\"Manejo de Marca\" \/>\n<meta property=\"og:description\" content=\"Responsable de contenido: TAG Systems AG Los derechos de marca tambi\u00e9n se aplican a los siguientes perfiles de redes sociales: www.facebook.com \u00a0www.twitter.com \u00a0www.youtube.com \u00a0www.instagram.com Publicaci\u00f3n y gesti\u00f3n de contenidos: TAG Systems AGPflugstrasse 209490 VaduzLiechtenstein T: +423 376 50 80info@tagsystems.com N\u00famero de Registro Corporativo: FL-0002.472.924-9Registro Comercial del Principado de LiechtensteinLugar de jurisdicci\u00f3n: Vaduz Responsabilidad por el [&hellip;]\" \/>\n<meta property=\"og:url\" content=\"https:\/\/tagx.tagsystems.li\/es-cr\/manejo-de-marca\/\" \/>\n<meta property=\"og:site_name\" content=\"TAGx\" \/>\n<meta property=\"article:modified_time\" content=\"2024-09-23T12:27:24+00:00\" \/>\n<meta name=\"twitter:card\" content=\"summary_large_image\" \/>\n<meta name=\"twitter:label1\" content=\"Est. reading time\" \/>\n\t<meta name=\"twitter:data1\" content=\"1 minuto\" \/>\n<script type=\"application\/ld+json\" class=\"yoast-schema-graph\">{\"@context\":\"https:\/\/schema.org\",\"@graph\":[{\"@type\":\"WebPage\",\"@id\":\"https:\/\/tagx.tagsystems.li\/es-cr\/manejo-de-marca\/\",\"url\":\"https:\/\/tagx.tagsystems.li\/es-cr\/manejo-de-marca\/\",\"name\":\"Manejo de Marca - TAGx\",\"isPartOf\":{\"@id\":\"https:\/\/tagx.tagsystems.li\/es-cr\/#website\"},\"datePublished\":\"2022-10-17T13:53:31+00:00\",\"dateModified\":\"2024-09-23T12:27:24+00:00\",\"breadcrumb\":{\"@id\":\"https:\/\/tagx.tagsystems.li\/es-cr\/manejo-de-marca\/#breadcrumb\"},\"inLanguage\":\"es-CR\",\"potentialAction\":[{\"@type\":\"ReadAction\",\"target\":[\"https:\/\/tagx.tagsystems.li\/es-cr\/manejo-de-marca\/\"]}]},{\"@type\":\"BreadcrumbList\",\"@id\":\"https:\/\/tagx.tagsystems.li\/es-cr\/manejo-de-marca\/#breadcrumb\",\"itemListElement\":[{\"@type\":\"ListItem\",\"position\":1,\"name\":\"Home\",\"item\":\"https:\/\/tagx.tagsystems.li\/es-cr\/\"},{\"@type\":\"ListItem\",\"position\":2,\"name\":\"Manejo de Marca\"}]},{\"@type\":\"WebSite\",\"@id\":\"https:\/\/tagx.tagsystems.li\/es-cr\/#website\",\"url\":\"https:\/\/tagx.tagsystems.li\/es-cr\/\",\"name\":\"TAGx\",\"description\":\"Orquestaci\u00f3n de Pagos\",\"publisher\":{\"@id\":\"https:\/\/tagx.tagsystems.li\/es-cr\/#organization\"},\"potentialAction\":[{\"@type\":\"SearchAction\",\"target\":{\"@type\":\"EntryPoint\",\"urlTemplate\":\"https:\/\/tagx.tagsystems.li\/es-cr\/?s={search_term_string}\"},\"query-input\":{\"@type\":\"PropertyValueSpecification\",\"valueRequired\":true,\"valueName\":\"search_term_string\"}}],\"inLanguage\":\"es-CR\"},{\"@type\":\"Organization\",\"@id\":\"https:\/\/tagx.tagsystems.li\/es-cr\/#organization\",\"name\":\"TAGx\",\"url\":\"https:\/\/tagx.tagsystems.li\/es-cr\/\",\"logo\":{\"@type\":\"ImageObject\",\"inLanguage\":\"es-CR\",\"@id\":\"https:\/\/tagx.tagsystems.li\/es-cr\/#\/schema\/logo\/image\/\",\"url\":\"https:\/\/tagx.tagsystems.li\/es-cr\/wp-content\/uploads\/sites\/5\/2022\/09\/logo_cyan_red.svg\",\"contentUrl\":\"https:\/\/tagx.tagsystems.li\/es-cr\/wp-content\/uploads\/sites\/5\/2022\/09\/logo_cyan_red.svg\",\"width\":230,\"height\":79,\"caption\":\"TAGx\"},\"image\":{\"@id\":\"https:\/\/tagx.tagsystems.li\/es-cr\/#\/schema\/logo\/image\/\"}}]}<\/script>\n<!-- \/ Yoast SEO Premium plugin. -->","yoast_head_json":{"title":"Manejo de Marca - TAGx","robots":{"index":"noindex","follow":"nofollow"},"og_locale":"es_ES","og_type":"article","og_title":"Manejo de Marca","og_description":"Responsable de contenido: TAG Systems AG Los derechos de marca tambi\u00e9n se aplican a los siguientes perfiles de redes sociales: www.facebook.com \u00a0www.twitter.com \u00a0www.youtube.com \u00a0www.instagram.com Publicaci\u00f3n y gesti\u00f3n de contenidos: TAG Systems AGPflugstrasse 209490 VaduzLiechtenstein T: +423 376 50 80info@tagsystems.com N\u00famero de Registro Corporativo: FL-0002.472.924-9Registro Comercial del Principado de LiechtensteinLugar de jurisdicci\u00f3n: Vaduz Responsabilidad por el [&hellip;]","og_url":"https:\/\/tagx.tagsystems.li\/es-cr\/manejo-de-marca\/","og_site_name":"TAGx","article_modified_time":"2024-09-23T12:27:24+00:00","twitter_card":"summary_large_image","twitter_misc":{"Est. reading time":"1 minuto"},"schema":{"@context":"https:\/\/schema.org","@graph":[{"@type":"WebPage","@id":"https:\/\/tagx.tagsystems.li\/es-cr\/manejo-de-marca\/","url":"https:\/\/tagx.tagsystems.li\/es-cr\/manejo-de-marca\/","name":"Manejo de Marca - TAGx","isPartOf":{"@id":"https:\/\/tagx.tagsystems.li\/es-cr\/#website"},"datePublished":"2022-10-17T13:53:31+00:00","dateModified":"2024-09-23T12:27:24+00:00","breadcrumb":{"@id":"https:\/\/tagx.tagsystems.li\/es-cr\/manejo-de-marca\/#breadcrumb"},"inLanguage":"es-CR","potentialAction":[{"@type":"ReadAction","target":["https:\/\/tagx.tagsystems.li\/es-cr\/manejo-de-marca\/"]}]},{"@type":"BreadcrumbList","@id":"https:\/\/tagx.tagsystems.li\/es-cr\/manejo-de-marca\/#breadcrumb","itemListElement":[{"@type":"ListItem","position":1,"name":"Home","item":"https:\/\/tagx.tagsystems.li\/es-cr\/"},{"@type":"ListItem","position":2,"name":"Manejo de Marca"}]},{"@type":"WebSite","@id":"https:\/\/tagx.tagsystems.li\/es-cr\/#website","url":"https:\/\/tagx.tagsystems.li\/es-cr\/","name":"TAGx","description":"Orquestaci\u00f3n de Pagos","publisher":{"@id":"https:\/\/tagx.tagsystems.li\/es-cr\/#organization"},"potentialAction":[{"@type":"SearchAction","target":{"@type":"EntryPoint","urlTemplate":"https:\/\/tagx.tagsystems.li\/es-cr\/?s={search_term_string}"},"query-input":{"@type":"PropertyValueSpecification","valueRequired":true,"valueName":"search_term_string"}}],"inLanguage":"es-CR"},{"@type":"Organization","@id":"https:\/\/tagx.tagsystems.li\/es-cr\/#organization","name":"TAGx","url":"https:\/\/tagx.tagsystems.li\/es-cr\/","logo":{"@type":"ImageObject","inLanguage":"es-CR","@id":"https:\/\/tagx.tagsystems.li\/es-cr\/#\/schema\/logo\/image\/","url":"https:\/\/tagx.tagsystems.li\/es-cr\/wp-content\/uploads\/sites\/5\/2022\/09\/logo_cyan_red.svg","contentUrl":"https:\/\/tagx.tagsystems.li\/es-cr\/wp-content\/uploads\/sites\/5\/2022\/09\/logo_cyan_red.svg","width":230,"height":79,"caption":"TAGx"},"image":{"@id":"https:\/\/tagx.tagsystems.li\/es-cr\/#\/schema\/logo\/image\/"}}]}},"jetpack_sharing_enabled":true,"_links":{"self":[{"href":"https:\/\/tagx.tagsystems.li\/es-cr\/wp-json\/wp\/v2\/pages\/3962","targetHints":{"allow":["GET"]}}],"collection":[{"href":"https:\/\/tagx.tagsystems.li\/es-cr\/wp-json\/wp\/v2\/pages"}],"about":[{"href":"https:\/\/tagx.tagsystems.li\/es-cr\/wp-json\/wp\/v2\/types\/page"}],"author":[{"embeddable":true,"href":"https:\/\/tagx.tagsystems.li\/es-cr\/wp-json\/wp\/v2\/users\/2"}],"replies":[{"embeddable":true,"href":"https:\/\/tagx.tagsystems.li\/es-cr\/wp-json\/wp\/v2\/comments?post=3962"}],"version-history":[{"count":40,"href":"https:\/\/tagx.tagsystems.li\/es-cr\/wp-json\/wp\/v2\/pages\/3962\/revisions"}],"predecessor-version":[{"id":6729,"href":"https:\/\/tagx.tagsystems.li\/es-cr\/wp-json\/wp\/v2\/pages\/3962\/revisions\/6729"}],"wp:attachment":[{"href":"https:\/\/tagx.tagsystems.li\/es-cr\/wp-json\/wp\/v2\/media?parent=3962"}],"curies":[{"name":"wp","href":"https:\/\/api.w.org\/{rel}","templated":true}]}}